{"id":4283,"date":"2026-01-30T05:25:04","date_gmt":"2026-01-30T03:25:04","guid":{"rendered":"https:\/\/kuratorium-kommende-lengmoos.com\/ritten\/?page_id=4283"},"modified":"2026-01-30T05:25:04","modified_gmt":"2026-01-30T03:25:04","slug":"programm-2026","status":"publish","type":"page","link":"https:\/\/kuratorium-kommende-lengmoos.com\/ritten\/programm-2026\/","title":{"rendered":"Programm 2026"},"content":{"rendered":"<div class=\"mp-row-fluid motopress-row mpce-dsbl-margin-left mpce-dsbl-margin-right\">\n<div class=\"mp-span12 motopress-clmn  mpce-dsbl-margin-left mpce-dsbl-margin-right\">\n<div><ul class=\"posts-grid row-fluid unstyled  ul-item-0\"><li class=\"span4 list-item-1\"><figure class=\"featured-thumbnail thumbnail\"><a href=\"https:\/\/kuratorium-kommende-lengmoos.com\/ritten\/wp-content\/uploads\/2025\/02\/PMLVMW-Kopie.jpg\" title=\"Prima la musica-Werkstattkonzert der Musikschule Ritten Sarntal\" rel=\"prettyPhoto-876425947[gallery0]\"><img decoding=\"async\" src=\"https:\/\/kuratorium-kommende-lengmoos.com\/ritten\/wp-content\/uploads\/2025\/02\/PMLVMW-Kopie-370x250.jpg\" alt=\"Prima la musica-Werkstattkonzert der Musikschule Ritten Sarntal\" \/><span class=\"zoom-icon\"><\/span><\/a><\/figure><div class=\"clear\"><\/div><h5><a href=\"https:\/\/kuratorium-kommende-lengmoos.com\/ritten\/prima-la-musica-werkstattkonzert-der-musikschule-ritten-sarntal-8\/\" title=\"Prima la musica-Werkstattkonzert der Musikschule Ritten Sarntal\">Prima la musica-Werkstattkonzert der Musikschule Ritten Sarntal<\/a><\/h5><div class=\"post_meta\"><span class=\"post_date\">Freitag,27.02.2026 - 19:00 Uhr<\/span><\/div><p class=\"excerpt\">Bei der Vorbereitung auf einen Wettbewerb geht es zu wie in&hellip;<\/p><a href=\"https:\/\/kuratorium-kommende-lengmoos.com\/ritten\/prima-la-musica-werkstattkonzert-der-musikschule-ritten-sarntal-8\/\" class=\"btn btn-primary\" title=\"Prima la musica-Werkstattkonzert der Musikschule Ritten Sarntal\">Weiterlesen<\/a><\/li><li class=\"span4 list-item-2\"><figure class=\"featured-thumbnail thumbnail\"><a href=\"https:\/\/kuratorium-kommende-lengmoos.com\/ritten\/wp-content\/uploads\/2026\/01\/FOTO-QUER_web.jpg\" title=\"Opas Diandl: &#8220;RIARN &#038; GSPIARN&#8221;\" rel=\"prettyPhoto-876425947[gallery1]\"><img decoding=\"async\" src=\"https:\/\/kuratorium-kommende-lengmoos.com\/ritten\/wp-content\/uploads\/2026\/01\/FOTO-QUER_web-370x250.jpg\" alt=\"Opas Diandl: &#8220;RIARN &#038; GSPIARN&#8221;\" \/><span class=\"zoom-icon\"><\/span><\/a><\/figure><div class=\"clear\"><\/div><h5><a href=\"https:\/\/kuratorium-kommende-lengmoos.com\/ritten\/opas-diandl\/\" title=\"Opas Diandl: &#8220;RIARN &#038; GSPIARN&#8221;\">Opas Diandl: &#8220;RIARN &#038; GSPIARN&#8221;<\/a><\/h5><div class=\"post_meta\"><span class=\"post_date\">Samstag, 16.05.2026 - 20:30 Uhr<\/span><\/div><p class=\"excerpt\">Wie eng Lachen und Weinen, Freude und Trauer, Heim \u2013 und&hellip;<\/p><a href=\"https:\/\/kuratorium-kommende-lengmoos.com\/ritten\/opas-diandl\/\" class=\"btn btn-primary\" title=\"Opas Diandl: &#8220;RIARN &#038; GSPIARN&#8221;\">Weiterlesen<\/a><\/li><li class=\"span4 list-item-3\"><figure class=\"featured-thumbnail thumbnail\"><a href=\"https:\/\/kuratorium-kommende-lengmoos.com\/ritten\/wp-content\/uploads\/2026\/01\/TrioHalma_web.jpg\" title=\"Trio Halma: Fragmente &#8211; Ein musikalischer Streifzug durch das Leben von Udo J\u00fcrgens\" rel=\"prettyPhoto-876425947[gallery2]\"><img decoding=\"async\" src=\"https:\/\/kuratorium-kommende-lengmoos.com\/ritten\/wp-content\/uploads\/2026\/01\/TrioHalma_web-370x250.jpg\" alt=\"Trio Halma: Fragmente &#8211; Ein musikalischer Streifzug durch das Leben von Udo J\u00fcrgens\" \/><span class=\"zoom-icon\"><\/span><\/a><\/figure><div class=\"clear\"><\/div><h5><a href=\"https:\/\/kuratorium-kommende-lengmoos.com\/ritten\/trio-halma\/\" title=\"Trio Halma: Fragmente &#8211; Ein musikalischer Streifzug durch das Leben von Udo J\u00fcrgens\">Trio Halma: Fragmente &#8211; Ein musikalischer Streifzug durch das Leben von Udo J\u00fcrgens<\/a><\/h5><div class=\"post_meta\"><span class=\"post_date\">Samstag, 06.06.2026 - 20:30 Uhr<\/span><\/div><p class=\"excerpt\">Begeben Sie sich mit dem Trio Halma auf eine bewegende Reise&hellip;<\/p><a href=\"https:\/\/kuratorium-kommende-lengmoos.com\/ritten\/trio-halma\/\" class=\"btn btn-primary\" title=\"Trio Halma: Fragmente &#8211; Ein musikalischer Streifzug durch das Leben von Udo J\u00fcrgens\">Weiterlesen<\/a><\/li><\/ul><!-- .posts-grid (end) --><ul class=\"posts-grid row-fluid unstyled  ul-item-1\"><li class=\"span4 list-item-1\"><figure class=\"featured-thumbnail thumbnail\"><a href=\"https:\/\/kuratorium-kommende-lengmoos.com\/ritten\/wp-content\/uploads\/2025\/06\/BarbaraNatter1_web.jpg\" title=\"Barbara Natter: Florales  06.06. &#8211; 28.06.2026\" rel=\"prettyPhoto-876425947[gallery3]\"><img decoding=\"async\" src=\"https:\/\/kuratorium-kommende-lengmoos.com\/ritten\/wp-content\/uploads\/2025\/06\/BarbaraNatter3_web-370x250.jpg\" alt=\"Barbara Natter: Florales  06.06. &#8211; 28.06.2026\" \/><span class=\"zoom-icon\"><\/span><\/a><\/figure><figure class=\"featured-thumbnail thumbnail\" style=\"display:none;\"><a href=\"https:\/\/kuratorium-kommende-lengmoos.com\/ritten\/wp-content\/uploads\/2026\/01\/BarbaraNatter1_web.jpg\" title=\"Barbara Natter: Florales  06.06. &#8211; 28.06.2026\" rel=\"prettyPhoto-876425947[gallery3]\"><span class=\"zoom-icon\"><\/span><\/a><\/figure><figure class=\"featured-thumbnail thumbnail\" style=\"display:none;\"><a href=\"https:\/\/kuratorium-kommende-lengmoos.com\/ritten\/wp-content\/uploads\/2026\/01\/BarbaraNatter2_web.jpg\" title=\"Barbara Natter: Florales  06.06. &#8211; 28.06.2026\" rel=\"prettyPhoto-876425947[gallery3]\"><span class=\"zoom-icon\"><\/span><\/a><\/figure><figure class=\"featured-thumbnail thumbnail\" style=\"display:none;\"><a href=\"https:\/\/kuratorium-kommende-lengmoos.com\/ritten\/wp-content\/uploads\/2025\/06\/BarbaraNatter2_web.jpg\" title=\"Barbara Natter: Florales  06.06. &#8211; 28.06.2026\" rel=\"prettyPhoto-876425947[gallery3]\"><span class=\"zoom-icon\"><\/span><\/a><\/figure><figure class=\"featured-thumbnail thumbnail\" style=\"display:none;\"><a href=\"https:\/\/kuratorium-kommende-lengmoos.com\/ritten\/wp-content\/uploads\/2025\/06\/BarbaraNatter3_web.jpg\" title=\"Barbara Natter: Florales  06.06. &#8211; 28.06.2026\" rel=\"prettyPhoto-876425947[gallery3]\"><span class=\"zoom-icon\"><\/span><\/a><\/figure><div class=\"clear\"><\/div><h5><a href=\"https:\/\/kuratorium-kommende-lengmoos.com\/ritten\/barbara-natter-florales-06-06-28-06-2026\/\" title=\"Barbara Natter: Florales  06.06. &#8211; 28.06.2026\">Barbara Natter: Florales  06.06. &#8211; 28.06.2026<\/a><\/h5><div class=\"post_meta\"><span class=\"post_date\">Vernissage: Samstag, 06.06.2026 - 17:00 Uhr<\/span><\/div><p class=\"excerpt\">Die Ausstellung Florales zeigt gro\u00dfformatige Bl\u00fctendarstellungen und farbintensive Portr\u00e4ts wei\u00dfer und&hellip;<\/p><a href=\"https:\/\/kuratorium-kommende-lengmoos.com\/ritten\/barbara-natter-florales-06-06-28-06-2026\/\" class=\"btn btn-primary\" title=\"Barbara Natter: Florales  06.06. &#8211; 28.06.2026\">Weiterlesen<\/a><\/li><li class=\"span4 list-item-2\"><figure class=\"featured-thumbnail thumbnail\"><a href=\"https:\/\/kuratorium-kommende-lengmoos.com\/ritten\/wp-content\/uploads\/2026\/02\/81FC5883-AD06-47EB-9196-64D65ACA7FAB-scaled.jpeg\" title=\"Brix Trix: Klangwelten mit gro\u00dfer Leidenschaft\" rel=\"prettyPhoto-876425947[gallery4]\"><img decoding=\"async\" src=\"https:\/\/kuratorium-kommende-lengmoos.com\/ritten\/wp-content\/uploads\/2025\/07\/BrixTrix_web-370x250.jpg\" alt=\"Brix Trix: Klangwelten mit gro\u00dfer Leidenschaft\" \/><span class=\"zoom-icon\"><\/span><\/a><\/figure><figure class=\"featured-thumbnail thumbnail\" style=\"display:none;\"><a href=\"https:\/\/kuratorium-kommende-lengmoos.com\/ritten\/wp-content\/uploads\/2025\/07\/BrixTrix_web.jpg\" title=\"Brix Trix: Klangwelten mit gro\u00dfer Leidenschaft\" rel=\"prettyPhoto-876425947[gallery4]\"><span class=\"zoom-icon\"><\/span><\/a><\/figure><div class=\"clear\"><\/div><h5><a href=\"https:\/\/kuratorium-kommende-lengmoos.com\/ritten\/brix-trix\/\" title=\"Brix Trix: Klangwelten mit gro\u00dfer Leidenschaft\">Brix Trix: Klangwelten mit gro\u00dfer Leidenschaft<\/a><\/h5><div class=\"post_meta\"><span class=\"post_date\">Samstag, 04.07.2026 \u2013 20:30 Uhr<\/span><\/div><p class=\"excerpt\">Schon die Besetzung ist eine Klasse f\u00fcr sich \u2013 und h\u00e4lt&hellip;<\/p><a href=\"https:\/\/kuratorium-kommende-lengmoos.com\/ritten\/brix-trix\/\" class=\"btn btn-primary\" title=\"Brix Trix: Klangwelten mit gro\u00dfer Leidenschaft\">Weiterlesen<\/a><\/li><li class=\"span4 list-item-3\"><figure class=\"featured-thumbnail thumbnail\"><a href=\"https:\/\/kuratorium-kommende-lengmoos.com\/ritten\/wp-content\/uploads\/2026\/02\/MarkusValazza1_web.jpg\" title=\"Markus Valazza zum 90.: Von da und dort  04.07. &#8211; 26.07.2026\" rel=\"prettyPhoto-876425947[gallery5]\"><img decoding=\"async\"  src=\"https:\/\/kuratorium-kommende-lengmoos.com\/ritten\/wp-content\/uploads\/2026\/02\/MarkusValazza1_web-370x250.jpg\" alt=\"Markus Valazza zum 90.: Von da und dort  04.07. &#8211; 26.07.2026\" \/><span class=\"zoom-icon\"><\/span><\/a><\/figure><figure class=\"featured-thumbnail thumbnail\" style=\"display:none;\"><a href=\"https:\/\/kuratorium-kommende-lengmoos.com\/ritten\/wp-content\/uploads\/2026\/02\/MarkusValazza2_web.jpg\" title=\"Markus Valazza zum 90.: Von da und dort  04.07. &#8211; 26.07.2026\" rel=\"prettyPhoto-876425947[gallery5]\"><span class=\"zoom-icon\"><\/span><\/a><\/figure><figure class=\"featured-thumbnail thumbnail\" style=\"display:none;\"><a href=\"https:\/\/kuratorium-kommende-lengmoos.com\/ritten\/wp-content\/uploads\/2025\/07\/MarkusValazza1_web.jpg\" title=\"Markus Valazza zum 90.: Von da und dort  04.07. &#8211; 26.07.2026\" rel=\"prettyPhoto-876425947[gallery5]\"><span class=\"zoom-icon\"><\/span><\/a><\/figure><figure class=\"featured-thumbnail thumbnail\" style=\"display:none;\"><a href=\"https:\/\/kuratorium-kommende-lengmoos.com\/ritten\/wp-content\/uploads\/2025\/07\/MarkusValazza2_web.jpg\" title=\"Markus Valazza zum 90.: Von da und dort  04.07. &#8211; 26.07.2026\" rel=\"prettyPhoto-876425947[gallery5]\"><span class=\"zoom-icon\"><\/span><\/a><\/figure><div class=\"clear\"><\/div><h5><a href=\"https:\/\/kuratorium-kommende-lengmoos.com\/ritten\/markus-valazza-zum-90-von-da-und-dort-04-07-26-07-2026\/\" title=\"Markus Valazza zum 90.: Von da und dort  04.07. &#8211; 26.07.2026\">Markus Valazza zum 90.: Von da und dort  04.07. &#8211; 26.07.2026<\/a><\/h5><div class=\"post_meta\"><span class=\"post_date\">Vernissage: Samstag, 04.07.2026 - 17:00 Uhr<\/span><\/div><p class=\"excerpt\">Anl\u00e4sslich des 90. Geburtstags des S\u00fcdtiroler K\u00fcnstlers Markus Vallazza (1936 \u2013&hellip;<\/p><a href=\"https:\/\/kuratorium-kommende-lengmoos.com\/ritten\/markus-valazza-zum-90-von-da-und-dort-04-07-26-07-2026\/\" class=\"btn btn-primary\" title=\"Markus Valazza zum 90.: Von da und dort  04.07. &#8211; 26.07.2026\">Weiterlesen<\/a><\/li><\/ul><!-- .posts-grid (end) --><ul class=\"posts-grid row-fluid unstyled  ul-item-2\"><li class=\"span4 list-item-1\"><figure class=\"featured-thumbnail thumbnail\"><a href=\"https:\/\/kuratorium-kommende-lengmoos.com\/ritten\/wp-content\/uploads\/2026\/02\/PoetAmKontrabass_JoelWaldvogel-Kopie.jpeg\" title=\"Der Kontrabass\u2026einmal anders\u2026\" rel=\"prettyPhoto-876425947[gallery6]\"><img decoding=\"async\" src=\"https:\/\/kuratorium-kommende-lengmoos.com\/ritten\/wp-content\/uploads\/2026\/02\/PoetAmKontrabass_JoelWaldvogel-Kopie-370x250.jpeg\" alt=\"Der Kontrabass\u2026einmal anders\u2026\" \/><span class=\"zoom-icon\"><\/span><\/a><\/figure><div class=\"clear\"><\/div><h5><a href=\"https:\/\/kuratorium-kommende-lengmoos.com\/ritten\/der-kontrabass\/\" title=\"Der Kontrabass\u2026einmal anders\u2026\">Der Kontrabass\u2026einmal anders\u2026<\/a><\/h5><div class=\"post_meta\"><span class=\"post_date\">Samstag,11.07.2026 \u2013 20:30 Uhr<\/span><\/div><p class=\"excerpt\">Eine 1\u00bd-st\u00fcndige konzertante Lesung anl\u00e4sslich des 75. Geburtstages eines mit allen&hellip;<\/p><a href=\"https:\/\/kuratorium-kommende-lengmoos.com\/ritten\/der-kontrabass\/\" class=\"btn btn-primary\" title=\"Der Kontrabass\u2026einmal anders\u2026\">Weiterlesen<\/a><\/li><li class=\"span4 list-item-2\"><figure class=\"featured-thumbnail thumbnail\"><a href=\"https:\/\/kuratorium-kommende-lengmoos.com\/ritten\/wp-content\/uploads\/2026\/02\/cantar-ens-Kopie.jpg\" title=\"Oni Wytars\" rel=\"prettyPhoto-876425947[gallery7]\"><img decoding=\"async\" src=\"https:\/\/kuratorium-kommende-lengmoos.com\/ritten\/wp-content\/uploads\/2026\/02\/cantar-ens-Kopie-370x250.jpg\" alt=\"Oni Wytars\" \/><span class=\"zoom-icon\"><\/span><\/a><\/figure><div class=\"clear\"><\/div><h5><a href=\"https:\/\/kuratorium-kommende-lengmoos.com\/ritten\/oni-wytars\/\" title=\"Oni Wytars\">Oni Wytars<\/a><\/h5><div class=\"post_meta\"><span class=\"post_date\">Samstag,25.07.2026 \u2013 20:30 Uhr<\/span><\/div><p class=\"excerpt\">Italien ist das \"musikalische Wunderland\" Europas, in dem die verschiedenen mediterranen&hellip;<\/p><a href=\"https:\/\/kuratorium-kommende-lengmoos.com\/ritten\/oni-wytars\/\" class=\"btn btn-primary\" title=\"Oni Wytars\">Weiterlesen<\/a><\/li><li class=\"span4 list-item-3\"><figure class=\"featured-thumbnail thumbnail\"><a href=\"https:\/\/kuratorium-kommende-lengmoos.com\/ritten\/wp-content\/uploads\/2026\/02\/Alaris-scaled.jpg\" title=\"Alaris: Kostbarkeiten der Musikgeschichte\" rel=\"prettyPhoto-876425947[gallery8]\"><img decoding=\"async\" src=\"https:\/\/kuratorium-kommende-lengmoos.com\/ritten\/wp-content\/uploads\/2026\/02\/Alaris-scaled-370x250.jpg\" alt=\"Alaris: Kostbarkeiten der Musikgeschichte\" \/><span class=\"zoom-icon\"><\/span><\/a><\/figure><div class=\"clear\"><\/div><h5><a href=\"https:\/\/kuratorium-kommende-lengmoos.com\/ritten\/alaris-kostbarkeiten-der-musikgeschichte\/\" title=\"Alaris: Kostbarkeiten der Musikgeschichte\">Alaris: Kostbarkeiten der Musikgeschichte<\/a><\/h5><div class=\"post_meta\"><span class=\"post_date\">Sonntag, 02.08.2026 \u2013 20:30 Uhr<\/span><\/div><p class=\"excerpt\">Dem Alaris-Ensemble mit den beiden S\u00fcdtiroler Musikern Katharina Egger und Nathan&hellip;<\/p><a href=\"https:\/\/kuratorium-kommende-lengmoos.com\/ritten\/alaris-kostbarkeiten-der-musikgeschichte\/\" class=\"btn btn-primary\" title=\"Alaris: Kostbarkeiten der Musikgeschichte\">Weiterlesen<\/a><\/li><\/ul><!-- .posts-grid (end) --><ul class=\"posts-grid row-fluid unstyled  ul-item-3\"><li class=\"span4 list-item-1\"><figure class=\"featured-thumbnail thumbnail\"><a href=\"https:\/\/kuratorium-kommende-lengmoos.com\/ritten\/wp-content\/uploads\/2026\/02\/GuttaLageder.jpg\" title=\"Gutta Lageder 08.08. &#8211; 30.08.2026\" rel=\"prettyPhoto-876425947[gallery9]\"><img decoding=\"async\" src=\"https:\/\/kuratorium-kommende-lengmoos.com\/ritten\/wp-content\/uploads\/2026\/02\/GuttaLageder2-370x250.png\" alt=\"Gutta Lageder 08.08. &#8211; 30.08.2026\" \/><span class=\"zoom-icon\"><\/span><\/a><\/figure><figure class=\"featured-thumbnail thumbnail\" style=\"display:none;\"><a href=\"https:\/\/kuratorium-kommende-lengmoos.com\/ritten\/wp-content\/uploads\/2026\/02\/GuttaLageder2.png\" title=\"Gutta Lageder 08.08. &#8211; 30.08.2026\" rel=\"prettyPhoto-876425947[gallery9]\"><span class=\"zoom-icon\"><\/span><\/a><\/figure><div class=\"clear\"><\/div><h5><a href=\"https:\/\/kuratorium-kommende-lengmoos.com\/ritten\/gutta-lageder-08-08-30-08-2026\/\" title=\"Gutta Lageder 08.08. &#8211; 30.08.2026\">Gutta Lageder 08.08. &#8211; 30.08.2026<\/a><\/h5><div class=\"post_meta\"><span class=\"post_date\">Vernissage: Samstag, 08.08.2026 - 17:00 Uhr<\/span><\/div><p class=\"excerpt\">Die Ausstellung in der Kommende Lengmoos zeigt Werke,in denen sich vielschichtige&hellip;<\/p><a href=\"https:\/\/kuratorium-kommende-lengmoos.com\/ritten\/gutta-lageder-08-08-30-08-2026\/\" class=\"btn btn-primary\" title=\"Gutta Lageder 08.08. &#8211; 30.08.2026\">Weiterlesen<\/a><\/li><li class=\"span4 list-item-2\"><figure class=\"featured-thumbnail thumbnail\"><a href=\"https:\/\/kuratorium-kommende-lengmoos.com\/ritten\/wp-content\/uploads\/2026\/02\/Triobilder-Katja-Gertrud-Franz-\u00a9-Christian-Palm-32.jpg\" title=\"Bayrische Madrigale\" rel=\"prettyPhoto-876425947[gallery10]\"><img decoding=\"async\" src=\"https:\/\/kuratorium-kommende-lengmoos.com\/ritten\/wp-content\/uploads\/2026\/02\/Triobilder-Katja-Gertrud-Franz-\u00a9-Christian-Palm-32-370x250.jpg\" alt=\"Bayrische Madrigale\" \/><span class=\"zoom-icon\"><\/span><\/a><\/figure><div class=\"clear\"><\/div><h5><a href=\"https:\/\/kuratorium-kommende-lengmoos.com\/ritten\/bayrische-madrigale\/\" title=\"Bayrische Madrigale\">Bayrische Madrigale<\/a><\/h5><div class=\"post_meta\"><span class=\"post_date\">Freitag, 14.08.2026 \u2013 20:30 Uhr - Pfarrkirche Lengmoos<\/span><\/div><p class=\"excerpt\">\u201chaber schwurl und breeber kluttn laber didl wumper blunsn schnipsn fidel&hellip;<\/p><a href=\"https:\/\/kuratorium-kommende-lengmoos.com\/ritten\/bayrische-madrigale\/\" class=\"btn btn-primary\" title=\"Bayrische Madrigale\">Weiterlesen<\/a><\/li><li class=\"span4 list-item-3\"><figure class=\"featured-thumbnail thumbnail\"><a href=\"https:\/\/kuratorium-kommende-lengmoos.com\/ritten\/wp-content\/uploads\/2026\/02\/RodasQuartett_web.jpeg\" title=\"Rodas Quartett\" rel=\"prettyPhoto-876425947[gallery11]\"><img decoding=\"async\" src=\"https:\/\/kuratorium-kommende-lengmoos.com\/ritten\/wp-content\/uploads\/2026\/02\/RodasQuartett_web-370x250.jpeg\" alt=\"Rodas Quartett\" \/><span class=\"zoom-icon\"><\/span><\/a><\/figure><div class=\"clear\"><\/div><h5><a href=\"https:\/\/kuratorium-kommende-lengmoos.com\/ritten\/rodas-quartett\/\" title=\"Rodas Quartett\">Rodas Quartett<\/a><\/h5><div class=\"post_meta\"><span class=\"post_date\">Samstag, 29.08.2026 \u2013 20:30 Uhr<\/span><\/div><p class=\"excerpt\">RODAS bedeutet auf R\u00e4toromanisch \u201eR\u00e4der\u201c. Das \u201eunendlich\u201c drehbare Rad ist eine&hellip;<\/p><a href=\"https:\/\/kuratorium-kommende-lengmoos.com\/ritten\/rodas-quartett\/\" class=\"btn btn-primary\" title=\"Rodas Quartett\">Weiterlesen<\/a><\/li><\/ul><!-- .posts-grid (end) --><ul class=\"posts-grid row-fluid unstyled  ul-item-4\"><li class=\"span4 list-item-1\"><figure class=\"featured-thumbnail thumbnail\"><a href=\"https:\/\/kuratorium-kommende-lengmoos.com\/ritten\/wp-content\/uploads\/2026\/02\/StimmeAusDerFerne2_web.jpg\" title=\"Stimme aus der Ferne\" rel=\"prettyPhoto-876425947[gallery12]\"><img decoding=\"async\" src=\"https:\/\/kuratorium-kommende-lengmoos.com\/ritten\/wp-content\/uploads\/2026\/02\/StimmeAusDerFerne2_web-370x250.jpg\" alt=\"Stimme aus der Ferne\" \/><span class=\"zoom-icon\"><\/span><\/a><\/figure><div class=\"clear\"><\/div><h5><a href=\"https:\/\/kuratorium-kommende-lengmoos.com\/ritten\/stimme-aus-der-ferne\/\" title=\"Stimme aus der Ferne\">Stimme aus der Ferne<\/a><\/h5><div class=\"post_meta\"><span class=\"post_date\">Samstag, 05.09.2026 \u2013 20:30 Uhr<\/span><\/div><p class=\"excerpt\">Zwei Liebende, weit voneinander entfernt, k\u00f6nnen miteinander nur heimlich kommunizieren. Jahrelang&hellip;<\/p><a href=\"https:\/\/kuratorium-kommende-lengmoos.com\/ritten\/stimme-aus-der-ferne\/\" class=\"btn btn-primary\" title=\"Stimme aus der Ferne\">Weiterlesen<\/a><\/li><li class=\"span4 list-item-2\"><figure class=\"featured-thumbnail thumbnail\"><a href=\"https:\/\/kuratorium-kommende-lengmoos.com\/ritten\/wp-content\/uploads\/2026\/02\/JungeTalenteRepettoPernthaler_web.jpg\" title=\"Junge Talente: Repetto und Pernthaler\" rel=\"prettyPhoto-876425947[gallery13]\"><img decoding=\"async\" src=\"https:\/\/kuratorium-kommende-lengmoos.com\/ritten\/wp-content\/uploads\/2026\/02\/JungeTalenteRepettoPernthaler_web1-scaled-370x250.jpg\" alt=\"Junge Talente: Repetto und Pernthaler\" \/><span class=\"zoom-icon\"><\/span><\/a><\/figure><figure class=\"featured-thumbnail thumbnail\" style=\"display:none;\"><a href=\"https:\/\/kuratorium-kommende-lengmoos.com\/ritten\/wp-content\/uploads\/2026\/02\/JungeTalenteRepettoPernthaler_web1-scaled.jpg\" title=\"Junge Talente: Repetto und Pernthaler\" rel=\"prettyPhoto-876425947[gallery13]\"><span class=\"zoom-icon\"><\/span><\/a><\/figure><div class=\"clear\"><\/div><h5><a href=\"https:\/\/kuratorium-kommende-lengmoos.com\/ritten\/junge-talente-repetto-und-pernthaler\/\" title=\"Junge Talente: Repetto und Pernthaler\">Junge Talente: Repetto und Pernthaler<\/a><\/h5><div class=\"post_meta\"><span class=\"post_date\">Freitag, 18.09.2026 \u2013 20:30 Uhr<\/span><\/div><p class=\"excerpt\">Seit mehr als 10 Jahren spielen die zwei Musiker Jana Pernthaler&hellip;<\/p><a href=\"https:\/\/kuratorium-kommende-lengmoos.com\/ritten\/junge-talente-repetto-und-pernthaler\/\" class=\"btn btn-primary\" title=\"Junge Talente: Repetto und Pernthaler\">Weiterlesen<\/a><\/li><li class=\"span4 list-item-3\"><figure class=\"featured-thumbnail thumbnail\"><a href=\"https:\/\/kuratorium-kommende-lengmoos.com\/ritten\/wp-content\/uploads\/2026\/02\/Kinderkonzert0_26.jpg\" title=\"Kinderkonzert\" rel=\"prettyPhoto-876425947[gallery14]\"><img decoding=\"async\" src=\"https:\/\/kuratorium-kommende-lengmoos.com\/ritten\/wp-content\/uploads\/2026\/02\/Kinderkonzert2_26-370x250.jpg\" alt=\"Kinderkonzert\" \/><span class=\"zoom-icon\"><\/span><\/a><\/figure><figure class=\"featured-thumbnail thumbnail\" style=\"display:none;\"><a href=\"https:\/\/kuratorium-kommende-lengmoos.com\/ritten\/wp-content\/uploads\/2026\/02\/Kinderkonzert1_26.jpg\" title=\"Kinderkonzert\" rel=\"prettyPhoto-876425947[gallery14]\"><span class=\"zoom-icon\"><\/span><\/a><\/figure><figure class=\"featured-thumbnail thumbnail\" style=\"display:none;\"><a href=\"https:\/\/kuratorium-kommende-lengmoos.com\/ritten\/wp-content\/uploads\/2026\/02\/Kinderkonzert2_26.jpg\" title=\"Kinderkonzert\" rel=\"prettyPhoto-876425947[gallery14]\"><span class=\"zoom-icon\"><\/span><\/a><\/figure><div class=\"clear\"><\/div><h5><a href=\"https:\/\/kuratorium-kommende-lengmoos.com\/ritten\/kinderkonzert\/\" title=\"Kinderkonzert\">Kinderkonzert<\/a><\/h5><div class=\"post_meta\"><span class=\"post_date\">Samstag, 03.10.2026 \u2013 15:30 Uhr<\/span><\/div><p class=\"excerpt\">Oma wohnt in einem kleinen Haus am Waldrand. Auf dem Weg&hellip;<\/p><a href=\"https:\/\/kuratorium-kommende-lengmoos.com\/ritten\/kinderkonzert\/\" class=\"btn btn-primary\" title=\"Kinderkonzert\">Weiterlesen<\/a><\/li><\/ul><!-- .posts-grid (end) --><ul class=\"posts-grid row-fluid unstyled  ul-item-5\"><li class=\"span4 list-item-1\"><figure class=\"featured-thumbnail thumbnail\"><a href=\"https:\/\/kuratorium-kommende-lengmoos.com\/ritten\/wp-content\/uploads\/2026\/02\/BrigitteHirsig2.png\" title=\"Brigitte Hirsig\" rel=\"prettyPhoto-876425947[gallery15]\"><img decoding=\"async\" src=\"https:\/\/kuratorium-kommende-lengmoos.com\/ritten\/wp-content\/uploads\/2026\/02\/BrigitteHirsig2-370x250.png\" alt=\"Brigitte Hirsig\" \/><span class=\"zoom-icon\"><\/span><\/a><\/figure><div class=\"clear\"><\/div><h5><a href=\"https:\/\/kuratorium-kommende-lengmoos.com\/ritten\/brigitte-hirsig\/\" title=\"Brigitte Hirsig\">Brigitte Hirsig<\/a><\/h5><div class=\"post_meta\"><span class=\"post_date\">Sonntag, 18.10.2026 \u2013 20:00 Uhr<\/span><\/div><p class=\"excerpt\">Haben L\u00fcgen wirklich kurze Beine? W\u00e4hrt ehrlich am L\u00e4ngsten? Und wie&hellip;<\/p><a href=\"https:\/\/kuratorium-kommende-lengmoos.com\/ritten\/brigitte-hirsig\/\" class=\"btn btn-primary\" title=\"Brigitte Hirsig\">Weiterlesen<\/a><\/li><\/ul><\/div>\n<\/div>\n<\/div>\n","protected":false},"excerpt":{"rendered":"","protected":false},"author":1,"featured_media":0,"parent":0,"menu_order":0,"comment_status":"closed","ping_status":"closed","template":"","meta":{"footnotes":""},"class_list":["post-4283","page","type-page","status-publish","hentry","cat-546-id","cat-40-id","cat-548-id"],"publishpress_future_action":{"enabled":false,"date":"2026-05-16 14:10:33","action":"change-status","newStatus":"private","terms":[],"taxonomy":"","extraData":[]},"publishpress_future_workflow_manual_trigger":{"enabledWorkflows":[]},"_links":{"self":[{"href":"https:\/\/kuratorium-kommende-lengmoos.com\/ritten\/wp-json\/wp\/v2\/pages\/4283","targetHints":{"allow":["GET"]}}],"collection":[{"href":"https:\/\/kuratorium-kommende-lengmoos.com\/ritten\/wp-json\/wp\/v2\/pages"}],"about":[{"href":"https:\/\/kuratorium-kommende-lengmoos.com\/ritten\/wp-json\/wp\/v2\/types\/page"}],"author":[{"embeddable":true,"href":"https:\/\/kuratorium-kommende-lengmoos.com\/ritten\/wp-json\/wp\/v2\/users\/1"}],"replies":[{"embeddable":true,"href":"https:\/\/kuratorium-kommende-lengmoos.com\/ritten\/wp-json\/wp\/v2\/comments?post=4283"}],"version-history":[{"count":1,"href":"https:\/\/kuratorium-kommende-lengmoos.com\/ritten\/wp-json\/wp\/v2\/pages\/4283\/revisions"}],"predecessor-version":[{"id":4284,"href":"https:\/\/kuratorium-kommende-lengmoos.com\/ritten\/wp-json\/wp\/v2\/pages\/4283\/revisions\/4284"}],"wp:attachment":[{"href":"https:\/\/kuratorium-kommende-lengmoos.com\/ritten\/wp-json\/wp\/v2\/media?parent=4283"}],"curies":[{"name":"wp","href":"https:\/\/api.w.org\/{rel}","templated":true}]}}